{"id":54,"date":"2022-05-16T01:11:00","date_gmt":"2022-05-16T01:11:00","guid":{"rendered":"https:\/\/preparing-for-dying.com\/?page_id=54"},"modified":"2022-07-13T06:53:36","modified_gmt":"2022-07-13T06:53:36","slug":"supporting-others","status":"publish","type":"page","link":"https:\/\/preparing-for-dying.com\/?page_id=54","title":{"rendered":"Helping Ourselves and Others"},"content":{"rendered":"\n<p>Our attitudes shape our experiences. Some people avoid thinking about difficulties such as illness, aging, and death. But these are bound to happen, and accepting and preparing for them in advance enables our mind to be calmer when they occur.<\/p>\n\n\n\n<p>As creatures of habit, we tend to die in the way we live. If we are not in the habit of acting kindly during our life, it will be unlikely that we will think to hold virtuous thoughts in mind or engage in virtuous actions as we are approaching death.<\/p>\n\n\n\n<p>For that reason, <em>leading a good life by not harming others and helping them as much as possible is the best preparation for our death and future lives, and enables us to die without regrets.<\/em><\/p>\n\n\n\n<p>In our daily life, and especially as we approach death, we should forgive people who have harmed us, engage in purification practice, recollect the Buddha, and meditate on love, compassion, and wisdom.<\/p>\n\n\n\n<p>The best way to help friends and family prepare for death is to encourage them while they are alive to <em>abandon non-virtue<\/em> and engage in purification to avoid unfortunate rebirths, and to <em>create virtue to ensure that they have causes for a good rebirth.<\/em><\/p>\n\n\n\n<p>Encourage them to be generous and kind to others, and to forgive others and not hold grudges. Avoid involving them in divisive speech, harsh speech, or idle talk. In this way, they will create merit and will have no regrets when they die.<\/p>\n\n\n\n<p>The best procedure to follow at the time of death depends on the person. In general, as someone approaches death, avoid disturbing their mind with unnecessary emotional outpourings, spiritual ideas that will confuse them, or idle talk. Help them to recall something virtuous\u2014the Three Jewels, compassion, generosity, and so on\u2014with which they are already familiar. Encourage them to rejoice in their own and others\u2019 virtues.<\/p>\n\n\n\n<p>If they have no religion, gently speak to them about forgiveness, love, compassion, and hope\u2014qualities that everyone appreciates and that will make their mind virtuous.<\/p>\n\n\n\n<p>No matter what religion a dying person follows, encourage them to do the practices with which they are familiar. Encourage a Christian to forgive others, develop a kind heart, pray to God, and think of Jesus\u2019s benevolent qualities. Speak to a Jew, Hindu, or Muslim according to the beliefs and concepts of their religion. These are more familiar and comforting to the dying person, and will facilitate their leaving this life peacefully. Never try to convert another person on their deathbed.<\/p>\n\n\n\n<hr class=\"wp-block-separator has-css-opacity\"\/>\n\n\n\n<p>Buddhists can do a variety of practices, depending on their level of practice. Remind a dying Dharma friend of a practice they have trained in and guide them through it if they wish.<\/p>\n\n\n\n<p>When it is our turn to die, we should likewise focus on a familiar practice. Since our mental power and alertness decrease at the time of death, forcing ourselves or others to do a new practice at that time will be confusing<\/p>\n\n\n\n<p>Beneficial practices for Buddhists to do while dying include taking refuge in the Three Jewels, which enables our mind to relax and rest in a virtuous state, which is conducive for the ripening of constructive karma, which in turn will propel our mindstream to take a good rebirth.<\/p>\n\n\n\n<p>Developing a kind heart, generating <em>bodhicitta<\/em>, and doing the taking and giving meditation at the time of death also places our mind in a positive and fearless state. Reflecting on emptiness calms grasping and fear, enabling us to peacefully let go of this life.<\/p>\n\n\n\n<p>We should dedicate all the merit we have created during our lifetime for the awakening of ourselves and all sentient beings. We should pray to be born in a body and environment where we can meet and properly rely on fully qualified Fundamental Vehicle, Mah\u0101y\u0101na, and Vajray\u0101na spiritual mentors, learn under their guidance, and practice without obstacles.<\/p>\n\n\n\n<p>In short, we must do what is suitable to our level of mind and to the circumstances we are in. Whatever we do, we should be content and focus on that practice as best as we can without having doubts that perhaps we should be doing another, more effective practice.<\/p>\n\n\n\n<p><strong>Source<\/strong>: Based on <em>The Foundation of Buddhist Practice: The Library of Wisdom and Compassion<\/em> (Volume 2) by His Holiness the Dalai Lama and Thubten Chodron (Wisdom Publications)<\/p>\n\n\n\n<hr class=\"wp-block-separator has-css-opacity\"\/>\n\n\n<div class=\"wp-block-image\">\n<figure class=\"aligncenter size-large is-resized\"><img loading=\"lazy\" decoding=\"async\" src=\"https:\/\/preparing-for-dying.com\/wp-content\/uploads\/2022\/05\/79448293-2B44-45FC-B440-0AF027FC2D6C-1024x768.jpeg\" alt=\"\" class=\"wp-image-215\" width=\"512\" height=\"384\" srcset=\"https:\/\/preparing-for-dying.com\/wp-content\/uploads\/2022\/05\/79448293-2B44-45FC-B440-0AF027FC2D6C-1024x768.jpeg 1024w, https:\/\/preparing-for-dying.com\/wp-content\/uploads\/2022\/05\/79448293-2B44-45FC-B440-0AF027FC2D6C-300x225.jpeg 300w, https:\/\/preparing-for-dying.com\/wp-content\/uploads\/2022\/05\/79448293-2B44-45FC-B440-0AF027FC2D6C-768x576.jpeg 768w, https:\/\/preparing-for-dying.com\/wp-content\/uploads\/2022\/05\/79448293-2B44-45FC-B440-0AF027FC2D6C-1536x1152.jpeg 1536w, https:\/\/preparing-for-dying.com\/wp-content\/uploads\/2022\/05\/79448293-2B44-45FC-B440-0AF027FC2D6C-2048x1536.jpeg 2048w\" sizes=\"auto, (max-width: 512px) 100vw, 512px\" \/><figcaption><strong>Listen, Contemplate, Meditate<\/strong>     <br><br><em>Leading a good life by not harming others and helping them as much as possible is the best preparation for our death and future lives, and enables us to die without regrets.<\/em> <br><br>(<em>The Foundation of Buddhist Practice: The Library of Wisdom and Compassion<\/em> [Volume 2] by His Holiness the Dalai Lama and Thubten Chodron)<\/figcaption><\/figure>\n<\/div>\n\n\n<hr class=\"wp-block-separator has-alpha-channel-opacity\"\/>\n","protected":false},"excerpt":{"rendered":"<p>Our attitudes shape our experiences. Some people avoid thinking about difficulties such as illness, aging, and death. But these are bound to happen, and accepting and preparing for them in advance enables our mind to be calmer when they occur. <span class=\"excerpt-dots\">&hellip;<\/span> <a class=\"more-link\" href=\"https:\/\/preparing-for-dying.com\/?page_id=54\"><span class=\"more-msg\">Continue reading &rarr;<\/span><\/a><\/p>\n","protected":false},"author":1,"featured_media":0,"parent":0,"menu_order":0,"comment_status":"closed","ping_status":"closed","template":"","meta":{"ngg_post_thumbnail":0,"footnotes":""},"class_list":["post-54","page","type-page","status-publish","hentry"],"yoast_head":"<!-- This site is optimized with the Yoast SEO plugin v27.5 - https:\/\/yoast.com\/product\/yoast-seo-wordpress\/ -->\n<title>Helping Ourselves and Others - Preparing for Dying<\/title>\n<meta name=\"robots\" content=\"index, follow, max-snippet:-1, max-image-preview:large, max-video-preview:-1\" \/>\n<link rel=\"canonical\" href=\"https:\/\/preparing-for-dying.com\/?page_id=54\" \/>\n<meta property=\"og:locale\" content=\"en_US\" \/>\n<meta property=\"og:type\" content=\"article\" \/>\n<meta property=\"og:title\" content=\"Helping Ourselves and Others - Preparing for Dying\" \/>\n<meta property=\"og:description\" content=\"Our attitudes shape our experiences. Some people avoid thinking about difficulties such as illness, aging, and death. But these are bound to happen, and accepting and preparing for them in advance enables our mind to be calmer when they occur. &hellip; Continue reading &rarr;\" \/>\n<meta property=\"og:url\" content=\"https:\/\/preparing-for-dying.com\/?page_id=54\" \/>\n<meta property=\"og:site_name\" content=\"Preparing for Dying\" \/>\n<meta property=\"article:modified_time\" content=\"2022-07-13T06:53:36+00:00\" \/>\n<meta property=\"og:image\" content=\"https:\/\/preparing-for-dying.com\/wp-content\/uploads\/2022\/05\/79448293-2B44-45FC-B440-0AF027FC2D6C-1024x768.jpeg\" \/>\n<meta name=\"twitter:card\" content=\"summary_large_image\" \/>\n<meta name=\"twitter:label1\" content=\"Est. reading time\" \/>\n\t<meta name=\"twitter:data1\" content=\"4 minutes\" \/>\n<script type=\"application\/ld+json\" class=\"yoast-schema-graph\">{\"@context\":\"https:\\\/\\\/schema.org\",\"@graph\":[{\"@type\":\"WebPage\",\"@id\":\"https:\\\/\\\/preparing-for-dying.com\\\/?page_id=54\",\"url\":\"https:\\\/\\\/preparing-for-dying.com\\\/?page_id=54\",\"name\":\"Helping Ourselves and Others - Preparing for Dying\",\"isPartOf\":{\"@id\":\"https:\\\/\\\/preparing-for-dying.com\\\/#website\"},\"primaryImageOfPage\":{\"@id\":\"https:\\\/\\\/preparing-for-dying.com\\\/?page_id=54#primaryimage\"},\"image\":{\"@id\":\"https:\\\/\\\/preparing-for-dying.com\\\/?page_id=54#primaryimage\"},\"thumbnailUrl\":\"https:\\\/\\\/preparing-for-dying.com\\\/wp-content\\\/uploads\\\/2022\\\/05\\\/79448293-2B44-45FC-B440-0AF027FC2D6C-1024x768.jpeg\",\"datePublished\":\"2022-05-16T01:11:00+00:00\",\"dateModified\":\"2022-07-13T06:53:36+00:00\",\"breadcrumb\":{\"@id\":\"https:\\\/\\\/preparing-for-dying.com\\\/?page_id=54#breadcrumb\"},\"inLanguage\":\"en-US\",\"potentialAction\":[{\"@type\":\"ReadAction\",\"target\":[\"https:\\\/\\\/preparing-for-dying.com\\\/?page_id=54\"]}]},{\"@type\":\"ImageObject\",\"inLanguage\":\"en-US\",\"@id\":\"https:\\\/\\\/preparing-for-dying.com\\\/?page_id=54#primaryimage\",\"url\":\"https:\\\/\\\/preparing-for-dying.com\\\/wp-content\\\/uploads\\\/2022\\\/05\\\/79448293-2B44-45FC-B440-0AF027FC2D6C-scaled.jpeg\",\"contentUrl\":\"https:\\\/\\\/preparing-for-dying.com\\\/wp-content\\\/uploads\\\/2022\\\/05\\\/79448293-2B44-45FC-B440-0AF027FC2D6C-scaled.jpeg\",\"width\":2560,\"height\":1920},{\"@type\":\"BreadcrumbList\",\"@id\":\"https:\\\/\\\/preparing-for-dying.com\\\/?page_id=54#breadcrumb\",\"itemListElement\":[{\"@type\":\"ListItem\",\"position\":1,\"name\":\"Home\",\"item\":\"https:\\\/\\\/preparing-for-dying.com\\\/\"},{\"@type\":\"ListItem\",\"position\":2,\"name\":\"Helping Ourselves and Others\"}]},{\"@type\":\"WebSite\",\"@id\":\"https:\\\/\\\/preparing-for-dying.com\\\/#website\",\"url\":\"https:\\\/\\\/preparing-for-dying.com\\\/\",\"name\":\"Preparing for Dying\",\"description\":\"Becoming more aware in relation to dying, death, and the afterlife\",\"potentialAction\":[{\"@type\":\"SearchAction\",\"target\":{\"@type\":\"EntryPoint\",\"urlTemplate\":\"https:\\\/\\\/preparing-for-dying.com\\\/?s={search_term_string}\"},\"query-input\":{\"@type\":\"PropertyValueSpecification\",\"valueRequired\":true,\"valueName\":\"search_term_string\"}}],\"inLanguage\":\"en-US\"}]}<\/script>\n<!-- \/ Yoast SEO plugin. -->","yoast_head_json":{"title":"Helping Ourselves and Others - Preparing for Dying","robots":{"index":"index","follow":"follow","max-snippet":"max-snippet:-1","max-image-preview":"max-image-preview:large","max-video-preview":"max-video-preview:-1"},"canonical":"https:\/\/preparing-for-dying.com\/?page_id=54","og_locale":"en_US","og_type":"article","og_title":"Helping Ourselves and Others - Preparing for Dying","og_description":"Our attitudes shape our experiences. Some people avoid thinking about difficulties such as illness, aging, and death. But these are bound to happen, and accepting and preparing for them in advance enables our mind to be calmer when they occur. &hellip; Continue reading &rarr;","og_url":"https:\/\/preparing-for-dying.com\/?page_id=54","og_site_name":"Preparing for Dying","article_modified_time":"2022-07-13T06:53:36+00:00","og_image":[{"url":"https:\/\/preparing-for-dying.com\/wp-content\/uploads\/2022\/05\/79448293-2B44-45FC-B440-0AF027FC2D6C-1024x768.jpeg","type":"","width":"","height":""}],"twitter_card":"summary_large_image","twitter_misc":{"Est. reading time":"4 minutes"},"schema":{"@context":"https:\/\/schema.org","@graph":[{"@type":"WebPage","@id":"https:\/\/preparing-for-dying.com\/?page_id=54","url":"https:\/\/preparing-for-dying.com\/?page_id=54","name":"Helping Ourselves and Others - Preparing for Dying","isPartOf":{"@id":"https:\/\/preparing-for-dying.com\/#website"},"primaryImageOfPage":{"@id":"https:\/\/preparing-for-dying.com\/?page_id=54#primaryimage"},"image":{"@id":"https:\/\/preparing-for-dying.com\/?page_id=54#primaryimage"},"thumbnailUrl":"https:\/\/preparing-for-dying.com\/wp-content\/uploads\/2022\/05\/79448293-2B44-45FC-B440-0AF027FC2D6C-1024x768.jpeg","datePublished":"2022-05-16T01:11:00+00:00","dateModified":"2022-07-13T06:53:36+00:00","breadcrumb":{"@id":"https:\/\/preparing-for-dying.com\/?page_id=54#breadcrumb"},"inLanguage":"en-US","potentialAction":[{"@type":"ReadAction","target":["https:\/\/preparing-for-dying.com\/?page_id=54"]}]},{"@type":"ImageObject","inLanguage":"en-US","@id":"https:\/\/preparing-for-dying.com\/?page_id=54#primaryimage","url":"https:\/\/preparing-for-dying.com\/wp-content\/uploads\/2022\/05\/79448293-2B44-45FC-B440-0AF027FC2D6C-scaled.jpeg","contentUrl":"https:\/\/preparing-for-dying.com\/wp-content\/uploads\/2022\/05\/79448293-2B44-45FC-B440-0AF027FC2D6C-scaled.jpeg","width":2560,"height":1920},{"@type":"BreadcrumbList","@id":"https:\/\/preparing-for-dying.com\/?page_id=54#breadcrumb","itemListElement":[{"@type":"ListItem","position":1,"name":"Home","item":"https:\/\/preparing-for-dying.com\/"},{"@type":"ListItem","position":2,"name":"Helping Ourselves and Others"}]},{"@type":"WebSite","@id":"https:\/\/preparing-for-dying.com\/#website","url":"https:\/\/preparing-for-dying.com\/","name":"Preparing for Dying","description":"Becoming more aware in relation to dying, death, and the afterlife","potentialAction":[{"@type":"SearchAction","target":{"@type":"EntryPoint","urlTemplate":"https:\/\/preparing-for-dying.com\/?s={search_term_string}"},"query-input":{"@type":"PropertyValueSpecification","valueRequired":true,"valueName":"search_term_string"}}],"inLanguage":"en-US"}]}},"_links":{"self":[{"href":"https:\/\/preparing-for-dying.com\/index.php?rest_route=\/wp\/v2\/pages\/54","targetHints":{"allow":["GET"]}}],"collection":[{"href":"https:\/\/preparing-for-dying.com\/index.php?rest_route=\/wp\/v2\/pages"}],"about":[{"href":"https:\/\/preparing-for-dying.com\/index.php?rest_route=\/wp\/v2\/types\/page"}],"author":[{"embeddable":true,"href":"https:\/\/preparing-for-dying.com\/index.php?rest_route=\/wp\/v2\/users\/1"}],"replies":[{"embeddable":true,"href":"https:\/\/preparing-for-dying.com\/index.php?rest_route=%2Fwp%2Fv2%2Fcomments&post=54"}],"version-history":[{"count":7,"href":"https:\/\/preparing-for-dying.com\/index.php?rest_route=\/wp\/v2\/pages\/54\/revisions"}],"predecessor-version":[{"id":768,"href":"https:\/\/preparing-for-dying.com\/index.php?rest_route=\/wp\/v2\/pages\/54\/revisions\/768"}],"wp:attachment":[{"href":"https:\/\/preparing-for-dying.com\/index.php?rest_route=%2Fwp%2Fv2%2Fmedia&parent=54"}],"curies":[{"name":"wp","href":"https:\/\/api.w.org\/{rel}","templated":true}]}}