{"id":58,"date":"2022-05-16T01:12:38","date_gmt":"2022-05-16T01:12:38","guid":{"rendered":"https:\/\/preparing-for-dying.com\/?page_id=58"},"modified":"2022-07-13T21:36:38","modified_gmt":"2022-07-13T21:36:38","slug":"a-daily-spiritual-practice","status":"publish","type":"page","link":"https:\/\/preparing-for-dying.com\/?page_id=58","title":{"rendered":"Three Ideas for Spiritual Practice"},"content":{"rendered":"\n<p>The following material consists of three ideas that may be incorporated as part of one\u2019s spiritual practice.<\/p>\n\n\n\n<hr class=\"wp-block-separator has-css-opacity\"\/>\n\n\n\n<h4 class=\"has-text-align-center wp-block-heading\">(1) A Contemplation\/Meditation: <\/h4>\n\n\n\n<h4 class=\"has-text-align-center wp-block-heading\">\u201d<strong>Turning the Mind Away from Samsara<\/strong>\u201d<\/h4>\n\n\n\n<p class=\"has-text-align-center\"><em>Death comes without warning!<\/em><\/p>\n\n\n\n<p class=\"has-text-align-center\"><em>It may come today<\/em>,<\/p>\n\n\n\n<p class=\"has-text-align-center\"><em>Parting me from all that is familiar<\/em><\/p>\n\n\n\n<p class=\"has-text-align-center\"><em>And all those I love<\/em>.<\/p>\n\n\n\n<p class=\"has-text-align-center\"><em>Now is the time to think<\/em><\/p>\n\n\n\n<p class=\"has-text-align-center\"><em>Of what heart connections mean<\/em>.<\/p>\n\n\n\n<p class=\"has-text-align-center\"><em>Now is the time to think<\/em><\/p>\n\n\n\n<p class=\"has-text-align-center\"><em>Of what goes beyond birth and death<\/em>.<\/p>\n\n\n\n<p class=\"has-text-align-center\"><em>Now is the time to discover<\/em><\/p>\n\n\n\n<p class=\"has-text-align-center\"><em>And learn to trust<\/em><\/p>\n\n\n\n<p class=\"has-text-align-center\"><em>The Openness, Clarity, and Sensitivity<\/em><\/p>\n\n\n\n<p class=\"has-text-align-center\"><em>Of my being<\/em>,<\/p>\n\n\n\n<p class=\"has-text-align-center\"><em>The Indestructible Heart Essence of all beings<\/em>.<\/p>\n\n\n\n<p class=\"has-text-align-center\"><em>I have today to prepare<\/em>.<\/p>\n\n\n\n<p class=\"has-text-align-center\"><em>Worldly attachments are useless<\/em>,<\/p>\n\n\n\n<p class=\"has-text-align-center\"><em>As are anger and delusion<\/em>.<\/p>\n\n\n\n<p class=\"has-text-align-center\"><em>Now is the time to let them go<\/em><\/p>\n\n\n\n<p class=\"has-text-align-center\"><em>And rest relaxed in my own true nature<\/em>.<\/p>\n\n\n\n<p class=\"has-text-align-center\"><em>What use am I to others<\/em><\/p>\n\n\n\n<p class=\"has-text-align-center\"><em>If I am no use to myself?<\/em><\/p>\n\n\n\n<p class=\"has-text-align-center\"><em>How can I liberate them<\/em><\/p>\n\n\n\n<p class=\"has-text-align-center\"><em>If I cannot liberate myself?<\/em><\/p>\n\n\n\n<p class=\"has-text-align-center\"><em>May I and all beings be happy<\/em><\/p>\n\n\n\n<p class=\"has-text-align-center\"><em>And have the causes of happiness.<\/em><\/p>\n\n\n\n<p class=\"has-text-align-center\"><em>May I and all beings be free from suffering<\/em><\/p>\n\n\n\n<p class=\"has-text-align-center\"><em>And the causes of suffering<\/em>.<\/p>\n\n\n\n<p class=\"has-text-align-center\"><em>May I and all beings have the happiness of complete Awakening<\/em><\/p>\n\n\n\n<p class=\"has-text-align-center\"><em>That will never diminish or fail<\/em>.<\/p>\n\n\n\n<p class=\"has-text-align-center\"><em>Thus may we abide in great equanimity<\/em>,<\/p>\n\n\n\n<p class=\"has-text-align-center\"><em>Unruffled by attachment and aversion<\/em><\/p>\n\n\n\n<p class=\"has-text-align-center\"><em>And with equal love for all beings.<\/em>&nbsp;<\/p>\n\n\n\n<hr class=\"wp-block-separator has-css-opacity\"\/>\n\n\n\n<h4 class=\"has-text-align-center wp-block-heading\"><strong>Definitions<\/strong><\/h4>\n\n\n\n<p><strong>Awakened Heart<\/strong> (Sanskrit: <em>bodhicitta<\/em>) The innermost nature of all beings that underlies all our experience. This term is used particularly when talking about our ability to Awaken, and how this nature can stir and propel us to seek a path that leads us and all beings out of <em>samsara<\/em>.<\/p>\n\n\n\n<p><strong>Awakening<\/strong> (Sanskrit: <em>bodhi<\/em>) The goal of the Buddhist path, Enlightenment, liberation from samsara.<\/p>\n\n\n\n<p><strong>Clarity<\/strong> (Tibetan: <em>salwa<\/em>) One of the three inseparable qualities of the true nature of reality (especially in the Dzogchen and Mah\u0101mudr\u0101 traditions). As such it is used synonymously with awareness and refers to the brightness of awareness that, like a mirror, has the power to make manifest the world of our experience.<\/p>\n\n\n\n<p><strong>Clear Light<\/strong> (Tibetan: <em>\u00f6sel<\/em>) Another way of referring to the essential nature of reality. This term is particularly used when talking about the fundamental nature of mind, awareness, or experience. It is revealed at death, when all else dissolves. \u2018Clarity\u2019 or \u2018luminosity\u2019 might possibly be better translations.<\/p>\n\n\n\n<p><strong>Dzogchen<\/strong> (Tibetan; Sanskrit <em>Mah\u0101sandhi<\/em> or <em>Atiyoga<\/em>) Literally \u201cgreat perfection\u201d, \u201cgreat completion\u201d, or \u201cgreat finishing\u201d. A term from the Nyingma or old school of Tibetan Buddhism that arrived in Tibet with Guru Rinpoche, if not before. It is the highest possible realization beyond even the notion of Awakened and Unawakened, and another name for reality itself. It is often used as though it were the name of a practice, e.g. practising Dzogchen. This is a loose way of talking about practising in a way that will lead to the realization of Dzogchen. The Dzogchen tradition means the teachings from the lineage of teachers who have realized Dzogchen. It has its own traditions, techniques, terminology, transmissions, and so on. Although it is principally thought of as a Nyingma tradition, yogins from other lineages, especially the Kagyupas, also practise and transmit it.<\/p>\n\n\n\n<p><strong>Intermediate state<\/strong> (Tibetan: <em>sipa bardo<\/em>) An unstable state of existence entered into at death which lasts until entry into a stable rebirth. It is characterized by volatile experiences like dreaming, with no connection to a stable world to wake into, such as one has in life.<\/p>\n\n\n\n<p><strong>Karma<\/strong> (Sanskrit) Literally \u2018action\u2019. Although it refers to our volitional actions that have inevitable consequences for us in this and future lives, the term is commonly used to refer to the consequences themselves, especially in the way they manifest as happiness and suffering in this life. The consequences of actions performed in one life may lie dormant for lifetimes and \u201cripen\u201d more or less at random. This means that none of us knows what actions are going to ripen next, so happiness and suffering unremittingly follow each other until we escape the trap of samsara.<\/p>\n\n\n\n<p><strong>Mah\u0101mudr\u0101 <\/strong>(Sanskrit; Tibetan: <em>Chagja Chenpo<\/em>) Literally \u201cGreat Symbol or Seal\u201d in Tibetan. Although this is a term used in the Dzogchen tradition for a level of realization that falls short of Dzogchen, it is used by the Kagyu tradition, synonymously with Dzogchen, to indicate reality or Awakening itself. This has led to endless discussions about whether or not Dzogchen and Mah\u0101mudr\u0101 are the same. The third Karmapa (Rangjung Dorje, fourteenth century) unified the Kagyu Mah\u0101mudr\u0101 and the Nyingma Dzogchen traditions into one system. So Kagyupas tend to hold that Dzogchen and Mah\u0101mudr\u0101 are the same.<\/p>\n\n\n\n<p><strong>Mah\u0101y\u0101na <\/strong>(Sanskrit; Tibetan: <em>tekpa chenpo<\/em>) Literally \u201cgreat vehicle\u201d. The Buddhist teachings that lead to complete and perfect Buddhahood. Mah\u0101y\u0101na s\u016btras refer to themselves as Mah\u0101y\u0101na, and contrast these with teachings that lead to a goal short of complete and perfect Buddhahood. The main issue here is that it is possible to Awaken to a kind of Enlightenment that does not awaken to the subtlest and deepest meaning of the Awakened Heart that enables us to develop the full knowledge, love, and powers of Bodhisattvas and of complete and perfect Buddhas. These powers are of immense benefit to others, which is why the Bodhisattva vows to attain them.<\/p>\n\n\n\n<p><strong>Nirvana<\/strong> (Sanskrit) Nirvana is the opposite of samsara. It is the cessation of suffering. It is the reality that the Buddha Awakened to and therefore the true nature of reality, of the universe, of everything. It is often referred to as peace and as the heart\u2019s release.<\/p>\n\n\n\n<p><strong>Openness<\/strong> One of the three inseparable qualities of the true nature of reality (especially in the Dzogchen and Mah\u0101mudr\u0101 traditions). As such it is used synonymously with emptiness (Sanskrit: <em>shunyata<\/em>) It refers to the ungraspability of awareness which, like space, is changeless and indestructible.<\/p>\n\n\n\n<p><strong>Samsara<\/strong> (Sanskrit) Literally \u201cthe turning\u201d. It refers to the turning or wandering round and round in an interminable succession of lives characterized by suffering. It is existence as experienced by unenlightened beings, whether it\u2019s the treadmill of living from day to day, going nowhere except into old age and death, or the suffering of being trapped in delusion from one life to the next.<\/p>\n\n\n\n<p><strong>Sensitivity<\/strong> One of the three inseparable qualities of the true nature of reality (especially in the Dzogchen and Mah\u0101mudr\u0101 traditions). As such it is used synonymously with responsiveness, and refers to the same inseparable quality that in Tibetan is called bliss, compassion, or unobstructed play. It refers to the living responsiveness inherent in awareness, such as a sense of well-being in the heart that gives value to experience.<\/p>\n\n\n\n<hr class=\"wp-block-separator has-css-opacity\"\/>\n\n\n\n<h4 class=\"has-text-align-center wp-block-heading\"><strong>(2) Practising to Benefit the Dying or Deceased<\/strong><\/h4>\n\n\n\n<p>When someone is dying, and after they have died, is a specially good time to do Dharma practice and dedicate it for their benefit.<\/p>\n\n\n\n<p>Your practice at this time can really benefit them, in a way that goes beyond the psychological level of helping them be calm or have a good attitude as they are dying.<\/p>\n\n\n\n<p>Whatever Dharma practice you do can be a comfort to the deceased person in the intermediate state, even if it is just the way you think about the Dharma as you go about your daily life.<\/p>\n\n\n\n<p>The deceased is likely to be going through a time of great turmoil and confusion, not knowing where they are, where they are going, or what is going to happen next, so your calmness and clarity, full of love and concern, provide a stable place in which they can find peace and the courage to face whatever is happening to them.<\/p>\n\n\n\n<p>It helps them to turn their own hearts and minds in the direction of truth and Awakening.<\/p>\n\n\n\n<p>The consciousness in the intermediate state after death is very volatile, and possessed of rudimentary clairvoyance. So if you practise Dharma, the deceased person can strongly link into that, probably much more than in life. They might suddenly understand why you practise Dharma. It could even provide a positive connection for them that might lead them directly to a favourable rebirth.<\/p>\n\n\n\n<p>Of course, it all depends on the person and their karma, but these possibilities really exist. We can even help people who have died years and years ago because time (in the way we think of it) is not ultimately real. So we need never feel that it is too late.<\/p>\n\n\n\n<p>Our Dharma practice makes a connection with Awakening for the deceased person, through their connection with us. This is because heart connections are real and our heart has been touched by them.<\/p>\n\n\n\n<p>That connection is inescapable and will draw them into our world, and our world is intimately connected to Awakening. The stronger their connection with us, the more powerful this can be.<\/p>\n\n\n\n<p>But even simply to have heard someone\u2019s name, or to have been part of a shared world (as when we hear about disasters) forms a connection with us and thus with Awakening (since we are connected to the path of Awakening).<\/p>\n\n\n\n<p>If we dedicate our practice to those who have died, thinking of them as we do so, it helps make that connection stronger. It doesn\u2019t matter whether the person believes in these connections or not; from the Buddhist perspective they are real and are a conduit for help to reach us.<\/p>\n\n\n\n<p>The simplest way to help others who have died is to dedicate our regular Dharma practice to them, mentioning them by name. I keep a list of people who have recently died or who are in trouble, and when we are on retreat, I and my students read this list out at the end of the day. We dedicate our Dharma practice to the Awakening of all sentient beings, but especially to those people.<\/p>\n\n\n\n<p>Obviously, as we do Dharma practices for the deceased, we try to be as present and as genuine as we can, but it is natural to experience all sorts of doubts and wonder if we are doing enough.<\/p>\n\n\n\n<p>We have two options at this point. Either we decide to let such thoughts inspire us enthusiastically to do more, or we decide to treat them like any other thoughts that come and go.<\/p>\n\n\n\n<p>The important thing is to remain as relaxed, confident, and simple as you can. Don\u2019t be hard on yourself for having doubts and strong emotions.<\/p>\n\n\n\n<p>Because we are likely to feel very disturbed at the time of a person\u2019s death, and we may be very aware how disturbed they were, or are, as well as the people around them, it helps to remember that Dharma practice has power from its own side.<\/p>\n\n\n\n<p>It helps the deceased in a way that is deeper than a mere psychological level. The power of the practice comes from the true nature of reality and from the power of our heart connection with the true nature of reality. So the most important thing is to rest in the heart and not to worry.<\/p>\n\n\n\n<hr class=\"wp-block-separator has-css-opacity\"\/>\n\n\n\n<h4 class=\"has-text-align-center wp-block-heading\">(3) <strong>Talking to the Dead<\/strong><\/h4>\n\n\n\n<p>According to Buddhist teachings, once we have left the body and are in the intermediate state before rebirth, we float freely and no longer suffer the physical limitations that prevent our knowing what others are thinking, and we are able to go anywhere we think of.<\/p>\n\n\n\n<p>In other words, we just go to wherever we think of, and we know what is going on there. If you think how quickly and easily the mind moves, it is easy to understand how unstable and unsettling must be the experience of the intermediate state.<\/p>\n\n\n\n<p>So if a dead person thinks of us, it would be very helpful for them if we were thinking about them in a reassuring and helpful way. Therefore, it is important to think well of them immediately after they die.<\/p>\n\n\n\n<p>It is also taught that the dead person in the intermediate state often doesn\u2019t realize they have died, so they hang around their home and old haunts as if they were still alive. They can feel unhappy, and even angry, to see people taking over their home and possessions.<\/p>\n\n\n\n<p>So it is helpful to keep talking to them and telling them they have died, and that no offence is meant. This is particularly helpful in the case of a violent or sudden death, in which case, if possible, we talk to them at the place where they have died or where their body is. This can be done mentally or even out loud, telling them that they are dead and giving them good Dharma advice about not being afraid, letting go of attachment, not getting angry, trusting their deepest heart wish for happiness and truth, in whatever terms you think they will understand.<\/p>\n\n\n\n<p>If they were Buddhist, remind them of the path to Awakening, Awakened beings, or whatever teaching or practice they had confidence in.<\/p>\n\n\n\n<p>If they were not Buddhist, but very kind and compassionate, remind them how this will protect them and that they should continue to trust that way of being and let it guide them.<\/p>\n\n\n\n<p>Since it is believed that the being in the intermediate state has the power of knowing what others are thinking, it is very important to take special care of your thoughts and emotions at the time of a person\u2019s death.<\/p>\n\n\n\n<p>Of course we cannot help having negative thoughts and emotions, but we can have a good attitude towards them, regretting the negative ones and fostering the positive ones, without clinging on to any of them, just recognizing thoughts are thoughts. This will help the dead person do the same.<\/p>\n\n\n\n<hr class=\"wp-block-separator has-css-opacity\"\/>\n\n\n\n<p>Source: Hookham, Lama Shenpen.&nbsp;<em>There\u2019s More to Dying than Death: A Buddhist Perspective<\/em>. Cambridge, UK: Windhorse Publications, 2006.<\/p>\n\n\n\n<hr class=\"wp-block-separator has-css-opacity\"\/>\n\n\n<div class=\"wp-block-image\">\n<figure class=\"aligncenter size-large is-resized\"><img loading=\"lazy\" decoding=\"async\" src=\"https:\/\/preparing-for-dying.com\/wp-content\/uploads\/2022\/05\/4C4ECFAB-04BC-4A87-B7C8-24AE03CDEEDE-1024x768.jpeg\" alt=\"\" class=\"wp-image-224\" width=\"512\" height=\"384\" srcset=\"https:\/\/preparing-for-dying.com\/wp-content\/uploads\/2022\/05\/4C4ECFAB-04BC-4A87-B7C8-24AE03CDEEDE-1024x768.jpeg 1024w, https:\/\/preparing-for-dying.com\/wp-content\/uploads\/2022\/05\/4C4ECFAB-04BC-4A87-B7C8-24AE03CDEEDE-300x225.jpeg 300w, https:\/\/preparing-for-dying.com\/wp-content\/uploads\/2022\/05\/4C4ECFAB-04BC-4A87-B7C8-24AE03CDEEDE-768x576.jpeg 768w, https:\/\/preparing-for-dying.com\/wp-content\/uploads\/2022\/05\/4C4ECFAB-04BC-4A87-B7C8-24AE03CDEEDE-1536x1152.jpeg 1536w, https:\/\/preparing-for-dying.com\/wp-content\/uploads\/2022\/05\/4C4ECFAB-04BC-4A87-B7C8-24AE03CDEEDE-2048x1536.jpeg 2048w\" sizes=\"auto, (max-width: 512px) 100vw, 512px\" \/><figcaption><strong>Listen, Contemplate, Meditate<\/strong>     <br><br><em>Death comes without warning!<\/em><br><em>It may come today<\/em>,<br><em>Parting me from all that is familiar<\/em><br><em>And all those I love<\/em>.<br><em>Now is the time to think<\/em><br><em>Of what heart connections mean<\/em>.<br><em>Now is the time to think<\/em><br><em>Of what goes beyond birth and death<\/em>. <br><br>(Lama Shenpen Hookham,&nbsp;<em>There\u2019s More to Dying than Death: A Buddhist Perspective<\/em>)<br><br><br><br><br><br><br><br><\/figcaption><\/figure>\n<\/div>","protected":false},"excerpt":{"rendered":"<p>The following material consists of three ideas that may be incorporated as part of one\u2019s spiritual practice. (1) A Contemplation\/Meditation: \u201dTurning the Mind Away from Samsara\u201d Death comes without warning! It may come today, Parting me from all that is <span class=\"excerpt-dots\">&hellip;<\/span> <a class=\"more-link\" href=\"https:\/\/preparing-for-dying.com\/?page_id=58\"><span class=\"more-msg\">Continue reading &rarr;<\/span><\/a><\/p>\n","protected":false},"author":1,"featured_media":0,"parent":0,"menu_order":0,"comment_status":"closed","ping_status":"closed","template":"","meta":{"ngg_post_thumbnail":0,"footnotes":""},"class_list":["post-58","page","type-page","status-publish","hentry"],"yoast_head":"<!-- This site is optimized with the Yoast SEO plugin v27.5 - https:\/\/yoast.com\/product\/yoast-seo-wordpress\/ -->\n<title>Three Ideas for Spiritual Practice - Preparing for Dying<\/title>\n<meta name=\"robots\" content=\"index, follow, max-snippet:-1, max-image-preview:large, max-video-preview:-1\" \/>\n<link rel=\"canonical\" href=\"https:\/\/preparing-for-dying.com\/?page_id=58\" \/>\n<meta property=\"og:locale\" content=\"en_US\" \/>\n<meta property=\"og:type\" content=\"article\" \/>\n<meta property=\"og:title\" content=\"Three Ideas for Spiritual Practice - Preparing for Dying\" \/>\n<meta property=\"og:description\" content=\"The following material consists of three ideas that may be incorporated as part of one\u2019s spiritual practice. (1) A Contemplation\/Meditation: \u201dTurning the Mind Away from Samsara\u201d Death comes without warning! It may come today, Parting me from all that is &hellip; Continue reading &rarr;\" \/>\n<meta property=\"og:url\" content=\"https:\/\/preparing-for-dying.com\/?page_id=58\" \/>\n<meta property=\"og:site_name\" content=\"Preparing for Dying\" \/>\n<meta property=\"article:modified_time\" content=\"2022-07-13T21:36:38+00:00\" \/>\n<meta property=\"og:image\" content=\"https:\/\/preparing-for-dying.com\/wp-content\/uploads\/2022\/05\/4C4ECFAB-04BC-4A87-B7C8-24AE03CDEEDE-1024x768.jpeg\" \/>\n<meta name=\"twitter:card\" content=\"summary_large_image\" \/>\n<meta name=\"twitter:label1\" content=\"Est. reading time\" \/>\n\t<meta name=\"twitter:data1\" content=\"11 minutes\" \/>\n<script type=\"application\/ld+json\" class=\"yoast-schema-graph\">{\"@context\":\"https:\\\/\\\/schema.org\",\"@graph\":[{\"@type\":\"WebPage\",\"@id\":\"https:\\\/\\\/preparing-for-dying.com\\\/?page_id=58\",\"url\":\"https:\\\/\\\/preparing-for-dying.com\\\/?page_id=58\",\"name\":\"Three Ideas for Spiritual Practice - Preparing for Dying\",\"isPartOf\":{\"@id\":\"https:\\\/\\\/preparing-for-dying.com\\\/#website\"},\"primaryImageOfPage\":{\"@id\":\"https:\\\/\\\/preparing-for-dying.com\\\/?page_id=58#primaryimage\"},\"image\":{\"@id\":\"https:\\\/\\\/preparing-for-dying.com\\\/?page_id=58#primaryimage\"},\"thumbnailUrl\":\"https:\\\/\\\/preparing-for-dying.com\\\/wp-content\\\/uploads\\\/2022\\\/05\\\/4C4ECFAB-04BC-4A87-B7C8-24AE03CDEEDE-1024x768.jpeg\",\"datePublished\":\"2022-05-16T01:12:38+00:00\",\"dateModified\":\"2022-07-13T21:36:38+00:00\",\"breadcrumb\":{\"@id\":\"https:\\\/\\\/preparing-for-dying.com\\\/?page_id=58#breadcrumb\"},\"inLanguage\":\"en-US\",\"potentialAction\":[{\"@type\":\"ReadAction\",\"target\":[\"https:\\\/\\\/preparing-for-dying.com\\\/?page_id=58\"]}]},{\"@type\":\"ImageObject\",\"inLanguage\":\"en-US\",\"@id\":\"https:\\\/\\\/preparing-for-dying.com\\\/?page_id=58#primaryimage\",\"url\":\"https:\\\/\\\/preparing-for-dying.com\\\/wp-content\\\/uploads\\\/2022\\\/05\\\/4C4ECFAB-04BC-4A87-B7C8-24AE03CDEEDE-scaled.jpeg\",\"contentUrl\":\"https:\\\/\\\/preparing-for-dying.com\\\/wp-content\\\/uploads\\\/2022\\\/05\\\/4C4ECFAB-04BC-4A87-B7C8-24AE03CDEEDE-scaled.jpeg\",\"width\":2560,\"height\":1920},{\"@type\":\"BreadcrumbList\",\"@id\":\"https:\\\/\\\/preparing-for-dying.com\\\/?page_id=58#breadcrumb\",\"itemListElement\":[{\"@type\":\"ListItem\",\"position\":1,\"name\":\"Home\",\"item\":\"https:\\\/\\\/preparing-for-dying.com\\\/\"},{\"@type\":\"ListItem\",\"position\":2,\"name\":\"Three Ideas for Spiritual Practice\"}]},{\"@type\":\"WebSite\",\"@id\":\"https:\\\/\\\/preparing-for-dying.com\\\/#website\",\"url\":\"https:\\\/\\\/preparing-for-dying.com\\\/\",\"name\":\"Preparing for Dying\",\"description\":\"Becoming more aware in relation to dying, death, and the afterlife\",\"potentialAction\":[{\"@type\":\"SearchAction\",\"target\":{\"@type\":\"EntryPoint\",\"urlTemplate\":\"https:\\\/\\\/preparing-for-dying.com\\\/?s={search_term_string}\"},\"query-input\":{\"@type\":\"PropertyValueSpecification\",\"valueRequired\":true,\"valueName\":\"search_term_string\"}}],\"inLanguage\":\"en-US\"}]}<\/script>\n<!-- \/ Yoast SEO plugin. -->","yoast_head_json":{"title":"Three Ideas for Spiritual Practice - Preparing for Dying","robots":{"index":"index","follow":"follow","max-snippet":"max-snippet:-1","max-image-preview":"max-image-preview:large","max-video-preview":"max-video-preview:-1"},"canonical":"https:\/\/preparing-for-dying.com\/?page_id=58","og_locale":"en_US","og_type":"article","og_title":"Three Ideas for Spiritual Practice - Preparing for Dying","og_description":"The following material consists of three ideas that may be incorporated as part of one\u2019s spiritual practice. (1) A Contemplation\/Meditation: \u201dTurning the Mind Away from Samsara\u201d Death comes without warning! It may come today, Parting me from all that is &hellip; Continue reading &rarr;","og_url":"https:\/\/preparing-for-dying.com\/?page_id=58","og_site_name":"Preparing for Dying","article_modified_time":"2022-07-13T21:36:38+00:00","og_image":[{"url":"https:\/\/preparing-for-dying.com\/wp-content\/uploads\/2022\/05\/4C4ECFAB-04BC-4A87-B7C8-24AE03CDEEDE-1024x768.jpeg","type":"","width":"","height":""}],"twitter_card":"summary_large_image","twitter_misc":{"Est. reading time":"11 minutes"},"schema":{"@context":"https:\/\/schema.org","@graph":[{"@type":"WebPage","@id":"https:\/\/preparing-for-dying.com\/?page_id=58","url":"https:\/\/preparing-for-dying.com\/?page_id=58","name":"Three Ideas for Spiritual Practice - Preparing for Dying","isPartOf":{"@id":"https:\/\/preparing-for-dying.com\/#website"},"primaryImageOfPage":{"@id":"https:\/\/preparing-for-dying.com\/?page_id=58#primaryimage"},"image":{"@id":"https:\/\/preparing-for-dying.com\/?page_id=58#primaryimage"},"thumbnailUrl":"https:\/\/preparing-for-dying.com\/wp-content\/uploads\/2022\/05\/4C4ECFAB-04BC-4A87-B7C8-24AE03CDEEDE-1024x768.jpeg","datePublished":"2022-05-16T01:12:38+00:00","dateModified":"2022-07-13T21:36:38+00:00","breadcrumb":{"@id":"https:\/\/preparing-for-dying.com\/?page_id=58#breadcrumb"},"inLanguage":"en-US","potentialAction":[{"@type":"ReadAction","target":["https:\/\/preparing-for-dying.com\/?page_id=58"]}]},{"@type":"ImageObject","inLanguage":"en-US","@id":"https:\/\/preparing-for-dying.com\/?page_id=58#primaryimage","url":"https:\/\/preparing-for-dying.com\/wp-content\/uploads\/2022\/05\/4C4ECFAB-04BC-4A87-B7C8-24AE03CDEEDE-scaled.jpeg","contentUrl":"https:\/\/preparing-for-dying.com\/wp-content\/uploads\/2022\/05\/4C4ECFAB-04BC-4A87-B7C8-24AE03CDEEDE-scaled.jpeg","width":2560,"height":1920},{"@type":"BreadcrumbList","@id":"https:\/\/preparing-for-dying.com\/?page_id=58#breadcrumb","itemListElement":[{"@type":"ListItem","position":1,"name":"Home","item":"https:\/\/preparing-for-dying.com\/"},{"@type":"ListItem","position":2,"name":"Three Ideas for Spiritual Practice"}]},{"@type":"WebSite","@id":"https:\/\/preparing-for-dying.com\/#website","url":"https:\/\/preparing-for-dying.com\/","name":"Preparing for Dying","description":"Becoming more aware in relation to dying, death, and the afterlife","potentialAction":[{"@type":"SearchAction","target":{"@type":"EntryPoint","urlTemplate":"https:\/\/preparing-for-dying.com\/?s={search_term_string}"},"query-input":{"@type":"PropertyValueSpecification","valueRequired":true,"valueName":"search_term_string"}}],"inLanguage":"en-US"}]}},"_links":{"self":[{"href":"https:\/\/preparing-for-dying.com\/index.php?rest_route=\/wp\/v2\/pages\/58","targetHints":{"allow":["GET"]}}],"collection":[{"href":"https:\/\/preparing-for-dying.com\/index.php?rest_route=\/wp\/v2\/pages"}],"about":[{"href":"https:\/\/preparing-for-dying.com\/index.php?rest_route=\/wp\/v2\/types\/page"}],"author":[{"embeddable":true,"href":"https:\/\/preparing-for-dying.com\/index.php?rest_route=\/wp\/v2\/users\/1"}],"replies":[{"embeddable":true,"href":"https:\/\/preparing-for-dying.com\/index.php?rest_route=%2Fwp%2Fv2%2Fcomments&post=58"}],"version-history":[{"count":11,"href":"https:\/\/preparing-for-dying.com\/index.php?rest_route=\/wp\/v2\/pages\/58\/revisions"}],"predecessor-version":[{"id":792,"href":"https:\/\/preparing-for-dying.com\/index.php?rest_route=\/wp\/v2\/pages\/58\/revisions\/792"}],"wp:attachment":[{"href":"https:\/\/preparing-for-dying.com\/index.php?rest_route=%2Fwp%2Fv2%2Fmedia&parent=58"}],"curies":[{"name":"wp","href":"https:\/\/api.w.org\/{rel}","templated":true}]}}